{"id":9354,"date":"2019-06-08T12:30:07","date_gmt":"2019-06-08T16:30:07","guid":{"rendered":"https:\/\/optimate1.com\/product\/optimate-7-select\/"},"modified":"2021-01-19T10:55:07","modified_gmt":"2021-01-19T15:55:07","slug":"optimate-7-select","status":"publish","type":"product","link":"https:\/\/optimate1.com\/it\/prodotto\/optimate-7-select\/","title":{"rendered":"OptiMate 7 Select"},"content":{"rendered":"<h3 class=\"entry-summary hidden-phone\">OptiMate 7 Select, il caricabatterie ad alte prestazioni &#8220;scelta PRO&#8221; che tirer\u00e0 fuori tutto il potenziale dalla vostra cella a spirale a 12V\/dalle batterie di avviamento o a ciclo profondo sigillate ad alte prestazioni e con un&#8217;opzione di potenza stabile durante la diagnostica.<em> &#8211; La scelta dei proprietari di veicoli ad alte prestazioni!\u00a0<\/em><\/h3>\n<ul>\n<li><span style=\"color: #10069f;\"><b>Scegliete tra 14.4V e 14.7V per selezionare la tensione di carica specifica per la vostra batteria da 12V, poi collegate la batteria e il caricabatterie far\u00e0 il resto.\u00a0<\/b><\/span><\/li>\n<li><span style=\"color: #10069f;\"><b>Carica, testa e preserva automaticamente le batterie di avviamento o a ciclo profondo da 12V (AGM, GEL, EFB o STD) di qualunque dimensione e a qualunque temperatura. <em>&#8211; \u00a0Regolate la tensione pi\u00f9 alta quando fa freddo e pi\u00f9 bassa quando fa caldo!\u00a0<\/em><\/b><\/span><\/li>\n<li><span style=\"color: #10069f;\"><b>Il controllo di carica Ampmatic regola la corrente affinch\u00e9 corrisponda alla dimensione della batteria.<em> &#8211; Le batterie pi\u00f9 piccole ottengono meno, quelle pi\u00f9 grandi ottengono di pi\u00f9!\u00a0<\/em><\/b><\/span><\/li>\n<li><span style=\"color: #10069f;\"><b>Recupera le batterie solfatate &#8220;completamente esaurite&#8221; da un minimo di 0.5V.<em> &#8211; Il programma di recupero pi\u00f9 all&#8217;avanguardia!\u00a0<\/em><\/b><\/span><\/li>\n<li><span style=\"color: #10069f;\"><b>La manutenzione intelligente 24 ore su 24, 7 giorni su 7 di OptiMate garantisce maggiore potenza e maggiore durata della batteria!<\/b><\/span><\/li>\n<li><span style=\"color: #10069f;\"><b>Modalit\u00e0 di alimentazione costante da 13.6V 8 A CC\/potenza per la diagnostica e la risoluzione dei problemi dei veicoli.<br \/>\n<\/b><\/span><\/li>\n<\/ul>\n<p>Modelli disponibili: Tutti i caricabatterie OptiMate elencati di seguito accettano una tensione di alimentazione di 100-240 V CA, 50-60 Hz. <a href=\"https:\/\/www.iec.ch\/worldplugs\/\">Solo la TIPOLOGIA della spina di alimentazione cambia<\/a> in base alle normative nazionali\/regionali in materia di sicurezza elettrica.<\/p>\n<div class=\"woocommerce columns-3 \"><\/div>\n<p>&nbsp;<\/p>\n<p>&nbsp;<\/p>\n","protected":false},"excerpt":{"rendered":"<h3><span style=\"color: #cd202c;\">Caricatore e mantenitore ermetico di carica con recupero di batteria a nove fasi da 12V 10A<\/span><\/h3>\n","protected":false},"featured_media":4043,"template":"","meta":[],"product_brand":[],"product_cat":[2256,2249],"product_tag":[],"class_list":{"0":"post-9354","1":"product","2":"type-product","3":"status-publish","4":"has-post-thumbnail","6":"product_cat-marine-chargers-it","7":"product_cat-marine-it","8":"thunk-woo-product-list","9":"opn-qv-enable","10":"big-store-woo-hover-","11":"open-single-product-tab-horizontal","12":"open-shadow-","13":"open-shadow-hover-","15":"first","16":"instock","17":"featured","18":"shipping-taxable","19":"product-type-simple"},"yoast_head":"<!-- This site is optimized with the Yoast SEO plugin v27.2 - https:\/\/yoast.com\/product\/yoast-seo-wordpress\/ -->\n<title>OptiMate 7 Select - OptiMate<\/title>\n<meta name=\"robots\" content=\"index, follow, max-snippet:-1, max-image-preview:large, max-video-preview:-1\" \/>\n<link rel=\"canonical\" href=\"https:\/\/optimate1.com\/product\/optimate-7-select\/\" \/>\n<meta property=\"og:locale\" content=\"it_IT\" \/>\n<meta property=\"og:type\" content=\"article\" \/>\n<meta property=\"og:title\" content=\"OptiMate 7 Select - OptiMate\" \/>\n<meta property=\"og:description\" content=\"Caricatore e mantenitore ermetico di carica con recupero di batteria a nove fasi da 12V 10A\" \/>\n<meta property=\"og:url\" content=\"https:\/\/optimate1.com\/product\/optimate-7-select\/\" \/>\n<meta property=\"og:site_name\" content=\"OptiMate\" \/>\n<meta property=\"article:publisher\" content=\"https:\/\/www.facebook.com\/OptiMatebatterysavingcharger\/\" \/>\n<meta property=\"article:modified_time\" content=\"2021-01-19T15:55:07+00:00\" \/>\n<meta property=\"og:image\" content=\"https:\/\/optimate1.com\/wp-content\/uploads\/2019\/06\/OptiMate-7-SELECT-TM2512-5.png\" \/>\n\t<meta property=\"og:image:width\" content=\"900\" \/>\n\t<meta property=\"og:image:height\" content=\"900\" \/>\n\t<meta property=\"og:image:type\" content=\"image\/png\" \/>\n<meta name=\"twitter:card\" content=\"summary_large_image\" \/>\n<meta name=\"twitter:label1\" content=\"Tempo di lettura stimato\" \/>\n\t<meta name=\"twitter:data1\" content=\"1 minuto\" \/>\n<script type=\"application\/ld+json\" class=\"yoast-schema-graph\">{\"@context\":\"https:\/\/schema.org\",\"@graph\":[{\"@type\":\"WebPage\",\"@id\":\"https:\/\/optimate1.com\/product\/optimate-7-select\/\",\"url\":\"https:\/\/optimate1.com\/product\/optimate-7-select\/\",\"name\":\"OptiMate 7 Select - OptiMate\",\"isPartOf\":{\"@id\":\"https:\/\/optimate1.com\/#website\"},\"primaryImageOfPage\":{\"@id\":\"https:\/\/optimate1.com\/product\/optimate-7-select\/#primaryimage\"},\"image\":{\"@id\":\"https:\/\/optimate1.com\/product\/optimate-7-select\/#primaryimage\"},\"thumbnailUrl\":\"https:\/\/optimate1.com\/wp-content\/uploads\/2019\/06\/OptiMate-7-SELECT-TM2512-5.png\",\"datePublished\":\"2019-06-08T16:30:07+00:00\",\"dateModified\":\"2021-01-19T15:55:07+00:00\",\"breadcrumb\":{\"@id\":\"https:\/\/optimate1.com\/product\/optimate-7-select\/#breadcrumb\"},\"inLanguage\":\"it-IT\",\"potentialAction\":[{\"@type\":\"ReadAction\",\"target\":[\"https:\/\/optimate1.com\/product\/optimate-7-select\/\"]}]},{\"@type\":\"ImageObject\",\"inLanguage\":\"it-IT\",\"@id\":\"https:\/\/optimate1.com\/product\/optimate-7-select\/#primaryimage\",\"url\":\"https:\/\/optimate1.com\/wp-content\/uploads\/2019\/06\/OptiMate-7-SELECT-TM2512-5.png\",\"contentUrl\":\"https:\/\/optimate1.com\/wp-content\/uploads\/2019\/06\/OptiMate-7-SELECT-TM2512-5.png\",\"width\":900,\"height\":900},{\"@type\":\"BreadcrumbList\",\"@id\":\"https:\/\/optimate1.com\/product\/optimate-7-select\/#breadcrumb\",\"itemListElement\":[{\"@type\":\"ListItem\",\"position\":1,\"name\":\"Home\",\"item\":\"https:\/\/optimate1.com\/\"},{\"@type\":\"ListItem\",\"position\":2,\"name\":\"Prodotti\",\"item\":\"https:\/\/optimate1.com\/shop\/\"},{\"@type\":\"ListItem\",\"position\":3,\"name\":\"OptiMate 7 Select\"}]},{\"@type\":\"WebSite\",\"@id\":\"https:\/\/optimate1.com\/#website\",\"url\":\"https:\/\/optimate1.com\/\",\"name\":\"OptiMate\",\"description\":\"Battery Chargers &amp; Accessories\",\"publisher\":{\"@id\":\"https:\/\/optimate1.com\/#organization\"},\"potentialAction\":[{\"@type\":\"SearchAction\",\"target\":{\"@type\":\"EntryPoint\",\"urlTemplate\":\"https:\/\/optimate1.com\/?s={search_term_string}\"},\"query-input\":{\"@type\":\"PropertyValueSpecification\",\"valueRequired\":true,\"valueName\":\"search_term_string\"}}],\"inLanguage\":\"it-IT\"},{\"@type\":\"Organization\",\"@id\":\"https:\/\/optimate1.com\/#organization\",\"name\":\"OptiMate\",\"url\":\"https:\/\/optimate1.com\/\",\"logo\":{\"@type\":\"ImageObject\",\"inLanguage\":\"it-IT\",\"@id\":\"https:\/\/optimate1.com\/#\/schema\/logo\/image\/\",\"url\":\"https:\/\/optimate1.com\/wp-content\/uploads\/2021\/06\/optimate-hpbc-stacklogo.jpg\",\"contentUrl\":\"https:\/\/optimate1.com\/wp-content\/uploads\/2021\/06\/optimate-hpbc-stacklogo.jpg\",\"width\":1025,\"height\":529,\"caption\":\"OptiMate\"},\"image\":{\"@id\":\"https:\/\/optimate1.com\/#\/schema\/logo\/image\/\"},\"sameAs\":[\"https:\/\/www.facebook.com\/OptiMatebatterysavingcharger\/\"]}]}<\/script>\n<!-- \/ Yoast SEO plugin. -->","yoast_head_json":{"title":"OptiMate 7 Select - OptiMate","robots":{"index":"index","follow":"follow","max-snippet":"max-snippet:-1","max-image-preview":"max-image-preview:large","max-video-preview":"max-video-preview:-1"},"canonical":"https:\/\/optimate1.com\/product\/optimate-7-select\/","og_locale":"it_IT","og_type":"article","og_title":"OptiMate 7 Select - OptiMate","og_description":"Caricatore e mantenitore ermetico di carica con recupero di batteria a nove fasi da 12V 10A","og_url":"https:\/\/optimate1.com\/product\/optimate-7-select\/","og_site_name":"OptiMate","article_publisher":"https:\/\/www.facebook.com\/OptiMatebatterysavingcharger\/","article_modified_time":"2021-01-19T15:55:07+00:00","og_image":[{"width":900,"height":900,"url":"https:\/\/optimate1.com\/wp-content\/uploads\/2019\/06\/OptiMate-7-SELECT-TM2512-5.png","type":"image\/png"}],"twitter_card":"summary_large_image","twitter_misc":{"Tempo di lettura stimato":"1 minuto"},"schema":{"@context":"https:\/\/schema.org","@graph":[{"@type":"WebPage","@id":"https:\/\/optimate1.com\/product\/optimate-7-select\/","url":"https:\/\/optimate1.com\/product\/optimate-7-select\/","name":"OptiMate 7 Select - OptiMate","isPartOf":{"@id":"https:\/\/optimate1.com\/#website"},"primaryImageOfPage":{"@id":"https:\/\/optimate1.com\/product\/optimate-7-select\/#primaryimage"},"image":{"@id":"https:\/\/optimate1.com\/product\/optimate-7-select\/#primaryimage"},"thumbnailUrl":"https:\/\/optimate1.com\/wp-content\/uploads\/2019\/06\/OptiMate-7-SELECT-TM2512-5.png","datePublished":"2019-06-08T16:30:07+00:00","dateModified":"2021-01-19T15:55:07+00:00","breadcrumb":{"@id":"https:\/\/optimate1.com\/product\/optimate-7-select\/#breadcrumb"},"inLanguage":"it-IT","potentialAction":[{"@type":"ReadAction","target":["https:\/\/optimate1.com\/product\/optimate-7-select\/"]}]},{"@type":"ImageObject","inLanguage":"it-IT","@id":"https:\/\/optimate1.com\/product\/optimate-7-select\/#primaryimage","url":"https:\/\/optimate1.com\/wp-content\/uploads\/2019\/06\/OptiMate-7-SELECT-TM2512-5.png","contentUrl":"https:\/\/optimate1.com\/wp-content\/uploads\/2019\/06\/OptiMate-7-SELECT-TM2512-5.png","width":900,"height":900},{"@type":"BreadcrumbList","@id":"https:\/\/optimate1.com\/product\/optimate-7-select\/#breadcrumb","itemListElement":[{"@type":"ListItem","position":1,"name":"Home","item":"https:\/\/optimate1.com\/"},{"@type":"ListItem","position":2,"name":"Prodotti","item":"https:\/\/optimate1.com\/shop\/"},{"@type":"ListItem","position":3,"name":"OptiMate 7 Select"}]},{"@type":"WebSite","@id":"https:\/\/optimate1.com\/#website","url":"https:\/\/optimate1.com\/","name":"OptiMate","description":"Battery Chargers &amp; Accessories","publisher":{"@id":"https:\/\/optimate1.com\/#organization"},"potentialAction":[{"@type":"SearchAction","target":{"@type":"EntryPoint","urlTemplate":"https:\/\/optimate1.com\/?s={search_term_string}"},"query-input":{"@type":"PropertyValueSpecification","valueRequired":true,"valueName":"search_term_string"}}],"inLanguage":"it-IT"},{"@type":"Organization","@id":"https:\/\/optimate1.com\/#organization","name":"OptiMate","url":"https:\/\/optimate1.com\/","logo":{"@type":"ImageObject","inLanguage":"it-IT","@id":"https:\/\/optimate1.com\/#\/schema\/logo\/image\/","url":"https:\/\/optimate1.com\/wp-content\/uploads\/2021\/06\/optimate-hpbc-stacklogo.jpg","contentUrl":"https:\/\/optimate1.com\/wp-content\/uploads\/2021\/06\/optimate-hpbc-stacklogo.jpg","width":1025,"height":529,"caption":"OptiMate"},"image":{"@id":"https:\/\/optimate1.com\/#\/schema\/logo\/image\/"},"sameAs":["https:\/\/www.facebook.com\/OptiMatebatterysavingcharger\/"]}]}},"_links":{"self":[{"href":"https:\/\/optimate1.com\/it\/wp-json\/wp\/v2\/product\/9354","targetHints":{"allow":["GET"]}}],"collection":[{"href":"https:\/\/optimate1.com\/it\/wp-json\/wp\/v2\/product"}],"about":[{"href":"https:\/\/optimate1.com\/it\/wp-json\/wp\/v2\/types\/product"}],"wp:featuredmedia":[{"embeddable":true,"href":"https:\/\/optimate1.com\/it\/wp-json\/wp\/v2\/media\/4043"}],"wp:attachment":[{"href":"https:\/\/optimate1.com\/it\/wp-json\/wp\/v2\/media?parent=9354"}],"wp:term":[{"taxonomy":"product_brand","embeddable":true,"href":"https:\/\/optimate1.com\/it\/wp-json\/wp\/v2\/product_brand?post=9354"},{"taxonomy":"product_cat","embeddable":true,"href":"https:\/\/optimate1.com\/it\/wp-json\/wp\/v2\/product_cat?post=9354"},{"taxonomy":"product_tag","embeddable":true,"href":"https:\/\/optimate1.com\/it\/wp-json\/wp\/v2\/product_tag?post=9354"}],"curies":[{"name":"wp","href":"https:\/\/api.w.org\/{rel}","templated":true}]}}