{"id":9436,"date":"2019-06-09T12:50:11","date_gmt":"2019-06-09T16:50:11","guid":{"rendered":"https:\/\/optimate1.com\/product\/optimate-lithium-4s-5a\/"},"modified":"2021-11-29T07:49:29","modified_gmt":"2021-11-29T12:49:29","slug":"optimate-lithium-4s-5a","status":"publish","type":"product","link":"https:\/\/optimate1.com\/it\/prodotto\/optimate-lithium-4s-5a\/","title":{"rendered":"OptiMate Lithium 4s 5A"},"content":{"rendered":"<h3>OptiMate Lithium 4s 5A, il caricabatterie &#8220;PRO&#8221; per batterie da 12.8V\/13.2V LiFeP04\/LFP di motociclette, auto o veicoli ad alte prestazioni\/da corsa<em>. &#8211; La scelta dei piloti\/fornitori!\u00a0<\/em><\/h3>\n<ul>\n<li><span style=\"color: #10069f;\"><b>OptiMate Lithium \u00e8 consigliata da<em> Honda, Yamaha, Kawasaki, KTM e Husqvarna e dai <\/em>produttori di batterie al litio mondiali<em> Anti-gravity, Super-B e Earth-X.<\/em><\/b><\/span><\/li>\n<li><span style=\"color: #10069f;\"><b>Carica, testa e preserva automaticamente e in modo sicuro la vostra batteria di avviamento o a ciclo profondo 12.8V\/13.2V LiFeP04\/LFP come specificato<em>. &#8211; Ricarica regolata da SafeT per temperature al di sotto dello zero.\u00a0<\/em><\/b><\/span><\/li>\n<li><span style=\"color: #10069f;\"><b>Il controllo di carica Ampmatic per batterie al litio regola la corrente affinch\u00e9 corrisponda alla dimensione e alle condizioni della batteria<em>. &#8211; Le batterie pi\u00f9 piccole ottengono meno, quelle pi\u00f9 grandi ottengono di pi\u00f9.<\/em><\/b><\/span><\/li>\n<li><span style=\"color: #10069f;\"><b>La modalit\u00e0 di recupero per batterie al litio pi\u00f9 avanzata recupera le batterie da un minimo di 0.5V.<em>\u00a0&#8211; Continua la ricarica se \u00e8 in salute, la interrompe e avverte se \u00e8 difettosa!\u00a0<\/em><\/b><\/span><\/li>\n<li><span style=\"color: #10069f;\"><b>La modalit\u00e0 di attivazione BMS fa uscire la batteria con protezione BMS integrata dalla modalit\u00e0 di attesa.\u00a0<\/b><\/span><\/li>\n<li><span style=\"color: #10069f;\"><b>La manutenzione intelligente 24 ore su 24, 7 giorni su 7 di OptiMate Lithium evita che la batteria venga scaricata dai circuiti collegati e garantisce maggiore potenza e maggiore durata della batteria!<br \/>\n<\/b><\/span><\/li>\n<\/ul>\n<p>Modelli disponibili: Tutti i caricabatterie OptiMate elencati di seguito accettano una tensione di alimentazione di 100-240 V CA, 50-60 Hz. <a href=\"https:\/\/optimate1.com\/it\/power-plugs-it\/\">Solo la TIPOLOGIA della spina di alimentazione cambia<\/a> in base alle normative nazionali\/regionali in materia di sicurezza elettrica.<\/p>\n<div class=\"woocommerce columns-3 \"><ul class=\"products columns-3\">\n<li class=\"thunk-woo-product-list opn-qv-enable big-store-woo-hover- open-single-product-tab-horizontal open-shadow- open-shadow-hover- product type-product product_cat-marine-chargers-it product_cat-marine-it post-9437 status-publish first instock has-post-thumbnail shipping-taxable purchasable product-type-variation\">\n\t<div class=\"thunk-product-wrap\"><div class=\"thunk-product\"><a href=\"https:\/\/optimate1.com\/it\/prodotto\/optimate-lithium-4s-5a\/?attribute_pa_region=us-it-2\" class=\"woocommerce-LoopProduct-link woocommerce-loop-product__link\"><div class=\"thunk-product-image\"><img loading=\"lazy\" decoding=\"async\" width=\"320\" height=\"320\" src=\"https:\/\/optimate1.com\/wp-content\/uploads\/2019\/06\/OptiMate-Lithium-4s-5A-TM291-3-1-320x320.png\" class=\"attachment-woocommerce_thumbnail size-woocommerce_thumbnail\" alt=\"OptiMATE Lithium 4s 5A&lt;br \/&gt;TYPE A\" srcset=\"https:\/\/optimate1.com\/wp-content\/uploads\/2019\/06\/OptiMate-Lithium-4s-5A-TM291-3-1-320x320.png 320w, https:\/\/optimate1.com\/wp-content\/uploads\/2019\/06\/OptiMate-Lithium-4s-5A-TM291-3-1-100x100.png 100w, https:\/\/optimate1.com\/wp-content\/uploads\/2019\/06\/OptiMate-Lithium-4s-5A-TM291-3-1-600x600.png 600w, https:\/\/optimate1.com\/wp-content\/uploads\/2019\/06\/OptiMate-Lithium-4s-5A-TM291-3-1-64x64.png 64w, https:\/\/optimate1.com\/wp-content\/uploads\/2019\/06\/OptiMate-Lithium-4s-5A-TM291-3-1-150x150.png 150w, https:\/\/optimate1.com\/wp-content\/uploads\/2019\/06\/OptiMate-Lithium-4s-5A-TM291-3-1-300x300.png 300w, https:\/\/optimate1.com\/wp-content\/uploads\/2019\/06\/OptiMate-Lithium-4s-5A-TM291-3-1-768x768.png 768w, https:\/\/optimate1.com\/wp-content\/uploads\/2019\/06\/OptiMate-Lithium-4s-5A-TM291-3-1.png 900w\" sizes=\"auto, (max-width: 320px) 100vw, 320px\" \/><\/div><div class=\"thunk-product-content\"><h2 class=\"woocommerce-loop-product__title\">OptiMATE Lithium 4s 5A<br \/>TYPE A<\/h2>\n\t<span class=\"price\"><span class=\"woocommerce-Price-amount amount\"><bdi><span class=\"woocommerce-Price-currencySymbol\">&#36;<\/span>132.95<\/bdi><\/span><\/span>\n<\/div><div class=\"thunk-product-hover\"><\/a>           <div class=\"os-product-excerpt\"><p>Region: US<\/p>\n<\/div>\n        <div class=\"thunk-quik\">\n\t\t\t             <div class=\"thunk-quickview\">\n                               <span class=\"quik-view\">\n                                   <a href=\"#\" class=\"opn-quick-view-text\"  data-product_id=\"9437\">\n                                      <span>Quick View<\/span>\n                                    \n                                   <\/a>\n                            <\/span>\n                          <\/div><\/div><\/div><\/div><\/div><\/li>\n<li class=\"thunk-woo-product-list opn-qv-enable big-store-woo-hover- open-single-product-tab-horizontal open-shadow- open-shadow-hover- product type-product product_cat-marine-chargers-it product_cat-marine-it post-9438 status-publish instock has-post-thumbnail shipping-taxable purchasable product-type-variation\">\n\t<div class=\"thunk-product-wrap\"><div class=\"thunk-product\"><a href=\"https:\/\/optimate1.com\/it\/prodotto\/optimate-lithium-4s-5a\/?attribute_pa_region=eu-it-2\" class=\"woocommerce-LoopProduct-link woocommerce-loop-product__link\"><div class=\"thunk-product-image\"><img loading=\"lazy\" decoding=\"async\" width=\"320\" height=\"320\" src=\"https:\/\/optimate1.com\/wp-content\/uploads\/2019\/06\/OptiMate-Lithium-4s-5A-TM290-3-320x320.png\" class=\"attachment-woocommerce_thumbnail size-woocommerce_thumbnail\" alt=\"OptiMATE Lithium 4s 5A&lt;br \/&gt;TYPE C\" srcset=\"https:\/\/optimate1.com\/wp-content\/uploads\/2019\/06\/OptiMate-Lithium-4s-5A-TM290-3-320x320.png 320w, https:\/\/optimate1.com\/wp-content\/uploads\/2019\/06\/OptiMate-Lithium-4s-5A-TM290-3-100x100.png 100w, https:\/\/optimate1.com\/wp-content\/uploads\/2019\/06\/OptiMate-Lithium-4s-5A-TM290-3-600x600.png 600w, https:\/\/optimate1.com\/wp-content\/uploads\/2019\/06\/OptiMate-Lithium-4s-5A-TM290-3-64x64.png 64w, https:\/\/optimate1.com\/wp-content\/uploads\/2019\/06\/OptiMate-Lithium-4s-5A-TM290-3-150x150.png 150w, https:\/\/optimate1.com\/wp-content\/uploads\/2019\/06\/OptiMate-Lithium-4s-5A-TM290-3-300x300.png 300w, https:\/\/optimate1.com\/wp-content\/uploads\/2019\/06\/OptiMate-Lithium-4s-5A-TM290-3-768x768.png 768w, https:\/\/optimate1.com\/wp-content\/uploads\/2019\/06\/OptiMate-Lithium-4s-5A-TM290-3.png 900w\" sizes=\"auto, (max-width: 320px) 100vw, 320px\" \/><\/div><div class=\"thunk-product-content\"><h2 class=\"woocommerce-loop-product__title\">OptiMATE Lithium 4s 5A<br \/>TYPE C<\/h2>\n\t<span class=\"price\"><span class=\"woocommerce-Price-amount amount\"><bdi><span class=\"woocommerce-Price-currencySymbol\">&#36;<\/span>132.95<\/bdi><\/span><\/span>\n<\/div><div class=\"thunk-product-hover\"><\/a>           <div class=\"os-product-excerpt\"><p>Region: EU<\/p>\n<\/div>\n        <div class=\"thunk-quik\">\n\t\t\t             <div class=\"thunk-quickview\">\n                               <span class=\"quik-view\">\n                                   <a href=\"#\" class=\"opn-quick-view-text\"  data-product_id=\"9438\">\n                                      <span>Quick View<\/span>\n                                    \n                                   <\/a>\n                            <\/span>\n                          <\/div><\/div><\/div><\/div><\/div><\/li>\n<li class=\"thunk-woo-product-list opn-qv-enable big-store-woo-hover- open-single-product-tab-horizontal open-shadow- open-shadow-hover- product type-product product_cat-marine-chargers-it product_cat-marine-it post-9439 status-publish last instock has-post-thumbnail shipping-taxable purchasable product-type-variation\">\n\t<div class=\"thunk-product-wrap\"><div class=\"thunk-product\"><a href=\"https:\/\/optimate1.com\/it\/prodotto\/optimate-lithium-4s-5a\/?attribute_pa_region=uk-it-2\" class=\"woocommerce-LoopProduct-link woocommerce-loop-product__link\"><div class=\"thunk-product-image\"><img loading=\"lazy\" decoding=\"async\" width=\"320\" height=\"320\" src=\"https:\/\/optimate1.com\/wp-content\/uploads\/2019\/06\/OptiMate-Lithium-4s-5A-TM294-3-320x320.jpg\" class=\"attachment-woocommerce_thumbnail size-woocommerce_thumbnail\" alt=\"OptiMATE Lithium 4s 5A&lt;br \/&gt;TYPE G\" srcset=\"https:\/\/optimate1.com\/wp-content\/uploads\/2019\/06\/OptiMate-Lithium-4s-5A-TM294-3-320x320.jpg 320w, https:\/\/optimate1.com\/wp-content\/uploads\/2019\/06\/OptiMate-Lithium-4s-5A-TM294-3-100x100.jpg 100w, https:\/\/optimate1.com\/wp-content\/uploads\/2019\/06\/OptiMate-Lithium-4s-5A-TM294-3-600x600.jpg 600w, https:\/\/optimate1.com\/wp-content\/uploads\/2019\/06\/OptiMate-Lithium-4s-5A-TM294-3-64x64.jpg 64w, https:\/\/optimate1.com\/wp-content\/uploads\/2019\/06\/OptiMate-Lithium-4s-5A-TM294-3-300x300.jpg 300w, https:\/\/optimate1.com\/wp-content\/uploads\/2019\/06\/OptiMate-Lithium-4s-5A-TM294-3-150x150.jpg 150w, https:\/\/optimate1.com\/wp-content\/uploads\/2019\/06\/OptiMate-Lithium-4s-5A-TM294-3-768x768.jpg 768w, https:\/\/optimate1.com\/wp-content\/uploads\/2019\/06\/OptiMate-Lithium-4s-5A-TM294-3.jpg 900w\" sizes=\"auto, (max-width: 320px) 100vw, 320px\" \/><\/div><div class=\"thunk-product-content\"><h2 class=\"woocommerce-loop-product__title\">OptiMATE Lithium 4s 5A<br \/>TYPE G<\/h2>\n\t<span class=\"price\"><span class=\"woocommerce-Price-amount amount\"><bdi><span class=\"woocommerce-Price-currencySymbol\">&#36;<\/span>132.95<\/bdi><\/span><\/span>\n<\/div><div class=\"thunk-product-hover\"><\/a>           <div class=\"os-product-excerpt\"><p>Region: UK<\/p>\n<\/div>\n        <div class=\"thunk-quik\">\n\t\t\t             <div class=\"thunk-quickview\">\n                               <span class=\"quik-view\">\n                                   <a href=\"#\" class=\"opn-quick-view-text\"  data-product_id=\"9439\">\n                                      <span>Quick View<\/span>\n                                    \n                                   <\/a>\n                            <\/span>\n                          <\/div><\/div><\/div><\/div><\/div><\/li>\n<\/ul>\n<\/div>\n","protected":false},"excerpt":{"rendered":"<h3><span style=\"color: #cd202c;\">Caricatore e mantenitore ermetico di carica con recupero di batteria a dieci fasi da 12.8V 5A<\/span><\/h3>\n","protected":false},"featured_media":28915,"template":"","meta":[],"product_brand":[],"product_cat":[2256,2249],"product_tag":[],"class_list":{"0":"post-9436","1":"product","2":"type-product","3":"status-publish","4":"has-post-thumbnail","6":"product_cat-marine-chargers-it","7":"product_cat-marine-it","8":"pa_charge-battery-chemistry-li-lifepo4-lfp-lithium-it","9":"pa_charge-battery-more-12v-it","10":"pa_charge-battery-more-aeroplano-leggero","11":"pa_charge-battery-more-auto-pick-up-it","12":"pa_charge-battery-more-4x4-avventura","13":"pa_charge-battery-more-barca-moto-dacqua","14":"pa_charge-battery-more-camper-caravan","15":"pa_charge-battery-more-ciclo-profondo-industriale","16":"pa_charge-battery-more-motociclo-veicolo-per-tutti-i-terreni","17":"pa_charge-battery-more-utv-sxs-cruiser-it","18":"pa_power-ac-100-240vac-it","19":"pa_product-group-optimate-lithium-it","20":"pa_region-ca-it-2","21":"pa_region-eu-it-2","22":"pa_region-uk-it-2","23":"pa_region-us-it-2","24":"iside_vehicle-auto-ad-alte-prestazioni-auto-da-corsa","25":"iside_vehicle-aviazione-it","26":"iside_vehicle-rv-caravan-it","27":"iside_vehicle-marine-it","28":"iside_vehicle-motocicletta-sport-motoristici-it","29":"iside_charger_series-lithium-smarter-it","30":"thunk-woo-product-list","31":"opn-qv-enable","32":"big-store-woo-hover-","33":"open-single-product-tab-horizontal","34":"open-shadow-","35":"open-shadow-hover-","39":"first","40":"instock","41":"featured","42":"shipping-taxable","43":"purchasable","44":"product-type-variable"},"yoast_head":"<!-- This site is optimized with the Yoast SEO plugin v27.2 - https:\/\/yoast.com\/product\/yoast-seo-wordpress\/ -->\n<title>OptiMate Lithium 4s 5A - OptiMate<\/title>\n<meta name=\"robots\" content=\"index, follow, max-snippet:-1, max-image-preview:large, max-video-preview:-1\" \/>\n<link rel=\"canonical\" href=\"https:\/\/optimate1.com\/product\/optimate-lithium-4s-5a\/\" \/>\n<meta property=\"og:locale\" content=\"it_IT\" \/>\n<meta property=\"og:type\" content=\"article\" \/>\n<meta property=\"og:title\" content=\"OptiMate Lithium 4s 5A - OptiMate\" \/>\n<meta property=\"og:description\" content=\"Caricatore e mantenitore ermetico di carica con recupero di batteria a dieci fasi da 12.8V 5A\" \/>\n<meta property=\"og:url\" content=\"https:\/\/optimate1.com\/product\/optimate-lithium-4s-5a\/\" \/>\n<meta property=\"og:site_name\" content=\"OptiMate\" \/>\n<meta property=\"article:publisher\" content=\"https:\/\/www.facebook.com\/OptiMatebatterysavingcharger\/\" \/>\n<meta property=\"article:modified_time\" content=\"2021-11-29T12:49:29+00:00\" \/>\n<meta property=\"og:image\" content=\"https:\/\/optimate1.com\/wp-content\/uploads\/2021\/12\/OptiMate-Lithium-4s-5A-TM29x-1024x1024.png\" \/>\n\t<meta property=\"og:image:width\" content=\"1024\" \/>\n\t<meta property=\"og:image:height\" content=\"1024\" \/>\n\t<meta property=\"og:image:type\" content=\"image\/png\" \/>\n<meta name=\"twitter:card\" content=\"summary_large_image\" \/>\n<meta name=\"twitter:label1\" content=\"Tempo di lettura stimato\" \/>\n\t<meta name=\"twitter:data1\" content=\"1 minuto\" \/>\n<script type=\"application\/ld+json\" class=\"yoast-schema-graph\">{\"@context\":\"https:\/\/schema.org\",\"@graph\":[{\"@type\":\"WebPage\",\"@id\":\"https:\/\/optimate1.com\/product\/optimate-lithium-4s-5a\/\",\"url\":\"https:\/\/optimate1.com\/product\/optimate-lithium-4s-5a\/\",\"name\":\"OptiMate Lithium 4s 5A - OptiMate\",\"isPartOf\":{\"@id\":\"https:\/\/optimate1.com\/#website\"},\"primaryImageOfPage\":{\"@id\":\"https:\/\/optimate1.com\/product\/optimate-lithium-4s-5a\/#primaryimage\"},\"image\":{\"@id\":\"https:\/\/optimate1.com\/product\/optimate-lithium-4s-5a\/#primaryimage\"},\"thumbnailUrl\":\"https:\/\/optimate1.com\/wp-content\/uploads\/2021\/12\/OptiMate-Lithium-4s-5A-TM29x.png\",\"datePublished\":\"2019-06-09T16:50:11+00:00\",\"dateModified\":\"2021-11-29T12:49:29+00:00\",\"breadcrumb\":{\"@id\":\"https:\/\/optimate1.com\/product\/optimate-lithium-4s-5a\/#breadcrumb\"},\"inLanguage\":\"it-IT\",\"potentialAction\":[{\"@type\":\"ReadAction\",\"target\":[\"https:\/\/optimate1.com\/product\/optimate-lithium-4s-5a\/\"]}]},{\"@type\":\"ImageObject\",\"inLanguage\":\"it-IT\",\"@id\":\"https:\/\/optimate1.com\/product\/optimate-lithium-4s-5a\/#primaryimage\",\"url\":\"https:\/\/optimate1.com\/wp-content\/uploads\/2021\/12\/OptiMate-Lithium-4s-5A-TM29x.png\",\"contentUrl\":\"https:\/\/optimate1.com\/wp-content\/uploads\/2021\/12\/OptiMate-Lithium-4s-5A-TM29x.png\",\"width\":1500,\"height\":1500},{\"@type\":\"BreadcrumbList\",\"@id\":\"https:\/\/optimate1.com\/product\/optimate-lithium-4s-5a\/#breadcrumb\",\"itemListElement\":[{\"@type\":\"ListItem\",\"position\":1,\"name\":\"Home\",\"item\":\"https:\/\/optimate1.com\/\"},{\"@type\":\"ListItem\",\"position\":2,\"name\":\"Prodotti\",\"item\":\"https:\/\/optimate1.com\/shop\/\"},{\"@type\":\"ListItem\",\"position\":3,\"name\":\"OptiMate Lithium 4s 5A\"}]},{\"@type\":\"WebSite\",\"@id\":\"https:\/\/optimate1.com\/#website\",\"url\":\"https:\/\/optimate1.com\/\",\"name\":\"OptiMate\",\"description\":\"Battery Chargers &amp; Accessories\",\"publisher\":{\"@id\":\"https:\/\/optimate1.com\/#organization\"},\"potentialAction\":[{\"@type\":\"SearchAction\",\"target\":{\"@type\":\"EntryPoint\",\"urlTemplate\":\"https:\/\/optimate1.com\/?s={search_term_string}\"},\"query-input\":{\"@type\":\"PropertyValueSpecification\",\"valueRequired\":true,\"valueName\":\"search_term_string\"}}],\"inLanguage\":\"it-IT\"},{\"@type\":\"Organization\",\"@id\":\"https:\/\/optimate1.com\/#organization\",\"name\":\"OptiMate\",\"url\":\"https:\/\/optimate1.com\/\",\"logo\":{\"@type\":\"ImageObject\",\"inLanguage\":\"it-IT\",\"@id\":\"https:\/\/optimate1.com\/#\/schema\/logo\/image\/\",\"url\":\"https:\/\/optimate1.com\/wp-content\/uploads\/2021\/06\/optimate-hpbc-stacklogo.jpg\",\"contentUrl\":\"https:\/\/optimate1.com\/wp-content\/uploads\/2021\/06\/optimate-hpbc-stacklogo.jpg\",\"width\":1025,\"height\":529,\"caption\":\"OptiMate\"},\"image\":{\"@id\":\"https:\/\/optimate1.com\/#\/schema\/logo\/image\/\"},\"sameAs\":[\"https:\/\/www.facebook.com\/OptiMatebatterysavingcharger\/\"]}]}<\/script>\n<!-- \/ Yoast SEO plugin. -->","yoast_head_json":{"title":"OptiMate Lithium 4s 5A - OptiMate","robots":{"index":"index","follow":"follow","max-snippet":"max-snippet:-1","max-image-preview":"max-image-preview:large","max-video-preview":"max-video-preview:-1"},"canonical":"https:\/\/optimate1.com\/product\/optimate-lithium-4s-5a\/","og_locale":"it_IT","og_type":"article","og_title":"OptiMate Lithium 4s 5A - OptiMate","og_description":"Caricatore e mantenitore ermetico di carica con recupero di batteria a dieci fasi da 12.8V 5A","og_url":"https:\/\/optimate1.com\/product\/optimate-lithium-4s-5a\/","og_site_name":"OptiMate","article_publisher":"https:\/\/www.facebook.com\/OptiMatebatterysavingcharger\/","article_modified_time":"2021-11-29T12:49:29+00:00","og_image":[{"width":1024,"height":1024,"url":"https:\/\/optimate1.com\/wp-content\/uploads\/2021\/12\/OptiMate-Lithium-4s-5A-TM29x-1024x1024.png","type":"image\/png"}],"twitter_card":"summary_large_image","twitter_misc":{"Tempo di lettura stimato":"1 minuto"},"schema":{"@context":"https:\/\/schema.org","@graph":[{"@type":"WebPage","@id":"https:\/\/optimate1.com\/product\/optimate-lithium-4s-5a\/","url":"https:\/\/optimate1.com\/product\/optimate-lithium-4s-5a\/","name":"OptiMate Lithium 4s 5A - OptiMate","isPartOf":{"@id":"https:\/\/optimate1.com\/#website"},"primaryImageOfPage":{"@id":"https:\/\/optimate1.com\/product\/optimate-lithium-4s-5a\/#primaryimage"},"image":{"@id":"https:\/\/optimate1.com\/product\/optimate-lithium-4s-5a\/#primaryimage"},"thumbnailUrl":"https:\/\/optimate1.com\/wp-content\/uploads\/2021\/12\/OptiMate-Lithium-4s-5A-TM29x.png","datePublished":"2019-06-09T16:50:11+00:00","dateModified":"2021-11-29T12:49:29+00:00","breadcrumb":{"@id":"https:\/\/optimate1.com\/product\/optimate-lithium-4s-5a\/#breadcrumb"},"inLanguage":"it-IT","potentialAction":[{"@type":"ReadAction","target":["https:\/\/optimate1.com\/product\/optimate-lithium-4s-5a\/"]}]},{"@type":"ImageObject","inLanguage":"it-IT","@id":"https:\/\/optimate1.com\/product\/optimate-lithium-4s-5a\/#primaryimage","url":"https:\/\/optimate1.com\/wp-content\/uploads\/2021\/12\/OptiMate-Lithium-4s-5A-TM29x.png","contentUrl":"https:\/\/optimate1.com\/wp-content\/uploads\/2021\/12\/OptiMate-Lithium-4s-5A-TM29x.png","width":1500,"height":1500},{"@type":"BreadcrumbList","@id":"https:\/\/optimate1.com\/product\/optimate-lithium-4s-5a\/#breadcrumb","itemListElement":[{"@type":"ListItem","position":1,"name":"Home","item":"https:\/\/optimate1.com\/"},{"@type":"ListItem","position":2,"name":"Prodotti","item":"https:\/\/optimate1.com\/shop\/"},{"@type":"ListItem","position":3,"name":"OptiMate Lithium 4s 5A"}]},{"@type":"WebSite","@id":"https:\/\/optimate1.com\/#website","url":"https:\/\/optimate1.com\/","name":"OptiMate","description":"Battery Chargers &amp; Accessories","publisher":{"@id":"https:\/\/optimate1.com\/#organization"},"potentialAction":[{"@type":"SearchAction","target":{"@type":"EntryPoint","urlTemplate":"https:\/\/optimate1.com\/?s={search_term_string}"},"query-input":{"@type":"PropertyValueSpecification","valueRequired":true,"valueName":"search_term_string"}}],"inLanguage":"it-IT"},{"@type":"Organization","@id":"https:\/\/optimate1.com\/#organization","name":"OptiMate","url":"https:\/\/optimate1.com\/","logo":{"@type":"ImageObject","inLanguage":"it-IT","@id":"https:\/\/optimate1.com\/#\/schema\/logo\/image\/","url":"https:\/\/optimate1.com\/wp-content\/uploads\/2021\/06\/optimate-hpbc-stacklogo.jpg","contentUrl":"https:\/\/optimate1.com\/wp-content\/uploads\/2021\/06\/optimate-hpbc-stacklogo.jpg","width":1025,"height":529,"caption":"OptiMate"},"image":{"@id":"https:\/\/optimate1.com\/#\/schema\/logo\/image\/"},"sameAs":["https:\/\/www.facebook.com\/OptiMatebatterysavingcharger\/"]}]}},"_links":{"self":[{"href":"https:\/\/optimate1.com\/it\/wp-json\/wp\/v2\/product\/9436","targetHints":{"allow":["GET"]}}],"collection":[{"href":"https:\/\/optimate1.com\/it\/wp-json\/wp\/v2\/product"}],"about":[{"href":"https:\/\/optimate1.com\/it\/wp-json\/wp\/v2\/types\/product"}],"wp:featuredmedia":[{"embeddable":true,"href":"https:\/\/optimate1.com\/it\/wp-json\/wp\/v2\/media\/28915"}],"wp:attachment":[{"href":"https:\/\/optimate1.com\/it\/wp-json\/wp\/v2\/media?parent=9436"}],"wp:term":[{"taxonomy":"product_brand","embeddable":true,"href":"https:\/\/optimate1.com\/it\/wp-json\/wp\/v2\/product_brand?post=9436"},{"taxonomy":"product_cat","embeddable":true,"href":"https:\/\/optimate1.com\/it\/wp-json\/wp\/v2\/product_cat?post=9436"},{"taxonomy":"product_tag","embeddable":true,"href":"https:\/\/optimate1.com\/it\/wp-json\/wp\/v2\/product_tag?post=9436"}],"curies":[{"name":"wp","href":"https:\/\/api.w.org\/{rel}","templated":true}]}}